{"id":148,"date":"2018-06-16T15:04:24","date_gmt":"2018-06-16T15:04:24","guid":{"rendered":"http:\/\/www.marcel-lenka.cz\/?page_id=148"},"modified":"2023-05-15T10:15:31","modified_gmt":"2023-05-15T10:15:31","slug":"soutezni-vysledky","status":"publish","type":"page","link":"https:\/\/www.marcel-lenka.cz\/index.php\/onetone-front-page\/soutezni-vysledky\/","title":{"rendered":"Sout\u011b\u017en\u00ed V\u00fdsledky"},"content":{"rendered":"<p><img loading=\"lazy\" width=\"446\" height=\"317\" src=\"http:\/\/www.marcel-lenka.cz\/wp-content\/uploads\/2018\/06\/2002_MS01-e1530344702879.jpg\" alt=\"\"><\/p>\n<h2>Na\u0161e profesion\u00e1ln\u00ed kari\u00e9ra<\/h2>\n<ul>\n<li>Mist\u0159i \u010cesk\u00e9 republiky 2001, 2002, 2003, 2004, 2005<\/li>\n<li>Finalist\u00e9 mistrovstv\u00ed Evropy 2004 (6.)<\/li>\n<li>Semifinalist\u00e9 mistrovstv\u00ed Evropy 2000 (9.) a 2001 (12.) \u010ctvrtfin\u00e1le: 2002 (13.), 2003 (13.)<\/li>\n<li>\u010ctvrtfinalist\u00e9 mistrovstv\u00ed sv\u011bta 1999, 2000, 2001, 2002 (14.), 2003 (13.-14.), 2004 (17.)<\/li>\n<li>\u010ctvrtfinalist\u00e9 otev\u0159en\u00e9ho mistrovstv\u00ed Velk\u00e9 Brit\u00e1nie 2002<\/li>\n<li>\u010ctvrtfinalist\u00e9 otev\u0159en\u00e9ho mistrovstv\u00ed United Kingdom 2001, 2002, 2005<\/li>\n<li>\u010ctvrtfinalist\u00e9 International 2001, 2004<\/li>\n<li>Finalist\u00e9 otev\u0159en\u00e9ho mistrovstv\u00ed Irska 2005 (2.)<\/li>\n<li>Finalist\u00e9 otev\u0159en\u00e9ho mistrovstv\u00ed It\u00e1lie 2000 (5.)<\/li>\n<li>Semifinalist\u00e9 otev\u0159en\u00e9ho mistrovstv\u00ed USA 2000 (11.), 2002 (10.), 2003 (10.)<\/li>\n<li>Semifinalist\u00e9 otev\u0159en\u00e9ho mistrovstv\u00ed N\u011bmecka 2004 (8.)<\/li>\n<li>Semifinalist\u00e9 otev\u0159en\u00e9ho mistrovstv\u00ed Holandska 2001 (11.) a 2002 (8.)<\/li>\n<li>Semifinalist\u00e9 otev\u0159en\u00e9ho mistrovstv\u00ed Francie 2000 (10.)<\/li>\n<\/ul>\n<p><img loading=\"lazy\" width=\"300\" height=\"407\" src=\"http:\/\/www.marcel-lenka.cz\/wp-content\/uploads\/2018\/06\/2005_MCR01.jpg\" alt=\"\" srcset=\"http:\/\/www.marcel-lenka.cz\/wp-content\/uploads\/2018\/06\/2005_MCR01.jpg 300w, http:\/\/www.marcel-lenka.cz\/wp-content\/uploads\/2018\/06\/2005_MCR01-221x300.jpg 221w\" sizes=\"(max-width: 300px) 100vw, 300px\"><br \/>\n<img loading=\"lazy\" width=\"446\" height=\"317\" src=\"http:\/\/www.marcel-lenka.cz\/wp-content\/uploads\/2018\/06\/2002_MS01-1.jpg\" alt=\"\" srcset=\"http:\/\/www.marcel-lenka.cz\/wp-content\/uploads\/2018\/06\/2002_MS01-1.jpg 446w, http:\/\/www.marcel-lenka.cz\/wp-content\/uploads\/2018\/06\/2002_MS01-1-300x213.jpg 300w\" sizes=\"(max-width: 446px) 100vw, 446px\"><\/p>\n<h2>Sout\u011b\u017ee Rising Stars &#8211; &#8222;vych\u00e1zej\u00edc\u00ed hv\u011bzdy&#8220;<\/h2>\n<ul>\n<li>US Open 2000 (2.), 2001 (4.), 2002 (3.)<\/li>\n<li>UK Open 2001 (2.)<\/li>\n<li>International Open 2000 (2.)<\/li>\n<\/ul>\n<h2 style=\"font-family: Roboto, sans-serif; font-weight: 600; line-height: 1; color: #6ec1e4; margin-top: 0px; margin-bottom: 0px; font-style: normal;\" data-elementor-setting-key=\"title\" data-pen-placeholder=\"Pi\u0161te zde...\">Amat\u00e9rsk\u00e1 Kari\u00e9ra<\/h2>\n<ul>\n<li>Mist\u0159i \u010cesk\u00e9 republiky 1996, 1997, 1998, 1999<\/li>\n<li>Semifinalist\u00e9 mistrovstv\u00ed Evropy<\/li>\n<li>Dvojn\u00e1sobn\u00ed vicemist\u0159i st\u0159edn\u00ed Evropy<\/li>\n<li>\u010ctvrtfinalist\u00e9 mistrovstv\u00ed sv\u011bta, British Open v Blackpoolu, UK Open a International Open<\/li>\n<\/ul>\n<h2>Sout\u011b\u017en\u00ed V\u00fdsledky<\/h2>\n<p><i>27.11.2005<\/i>&nbsp;<i><b>Mistrovstv\u00ed \u010cesk\u00e9 republiky profesion\u00e1l\u016f 2005<\/b>&nbsp;v Praze<\/i>&nbsp;<i>v\u00fdsledky<\/i><b><\/b><\/p>\n<p><i>27.02.2005<\/i>&nbsp;<i><b>Irish Open Championship 2005<\/b>&nbsp;v Tralee<\/i>&nbsp;<i>v\u00fdsledky<\/i><b><\/b><\/p>\n<p><i>19.01.2005<\/i>&nbsp;<i><b>UK Open Championships 2005&nbsp;<\/b>v Bournemouthu<\/i>&nbsp;<i>v\u00fdsledky<\/i><b><\/b><\/p>\n<p><i>16.11.2004<\/i>&nbsp;<i><b>Mistrovstv\u00ed \u010cesk\u00e9 republiky profesion\u00e1l\u016f 2004<\/b>&nbsp;v Praze<\/i>&nbsp;<i>v\u00fdsledky<\/i><b><\/b><\/p>\n<p><i>16.11.2004<\/i>&nbsp;<i><b>Otev\u0159en\u00e9 mistrovstv\u00ed \u010cR profesion\u00e1l\u016f 2004<\/b>&nbsp;v Praze<\/i>&nbsp;<i>v\u00fdsledky<\/i><b><\/b><\/p>\n<p><i>07.11.2004<\/i>&nbsp;<i><b>Mistrovstv\u00ed Evropy profesion\u00e1l\u016f 2004&nbsp;<\/b>v S. Benedetto Del Tronto<\/i>&nbsp;<i>v\u00fdsledky<\/i><\/p>\n<p><b><\/b>&nbsp;<i>18.08.2004<\/i>&nbsp;<i><b>German Open Professional 2004&nbsp;<\/b>ve Stuttgartu<\/i>&nbsp;<i>v\u00fdsledky<\/i><b><\/b><\/p>\n<p><i>29.02.2004<\/i>&nbsp;<i><b>Mistrovstv\u00ed sv\u011bta profesion\u00e1l\u016f 2004<\/b>&nbsp;v Tokyu<\/i>&nbsp;<i>v\u00fdsledky<\/i><b><\/b><\/p>\n<p><i>21.01.2004<\/i>&nbsp;<i><b>UK Open Championships 2004&nbsp;<\/b>v Bournemouthu<\/i>&nbsp;<i>v\u00fdsledky<\/i><b><\/b><\/p>\n<p><i>14.12.2003<\/i>&nbsp;<i><b>Mistrovstv\u00ed \u010cesk\u00e9 republiky profesion\u00e1l\u016f 2003<\/b>&nbsp;v Trutnov\u011b<\/i>&nbsp;<i>v\u00fdsledky<\/i><b><\/b><\/p>\n<p><i>06.09.2003<\/i>&nbsp;<i><b>Mistrovstv\u00ed sv\u011bta profesion\u00e1l\u016f 2003<\/b>&nbsp;v Miami<\/i>&nbsp;<i>v\u00fdsledky<\/i><b><\/b><\/p>\n<p><i>04.09.2003<\/i>&nbsp;<i><b>US Open Professional 2003<\/b>&nbsp;v Miami<\/i>&nbsp;<i>v\u00fdsledky<\/i><b><\/b><\/p>\n<p><i>21.08.2003<\/i>&nbsp;<i><b>German Open Professional 2003&nbsp;<\/b>v Mannheimu<\/i>&nbsp;<i>v\u00fdsledky<\/i><b><\/b><\/p>\n<p><i>26.06.2003<\/i>&nbsp;<i><b>Italian Open Professional 2003&nbsp;<\/b>v Cervii<\/i>&nbsp;<i>v\u00fdsledky<\/i><b><\/b><\/p>\n<p><i>21.06.2003<\/i>&nbsp;<i><b>Mistrovstv\u00ed Evropy profesion\u00e1l\u016f 2003&nbsp;<\/b>v Trier<\/i>&nbsp;<i>v\u00fdsledky<\/i><b><\/b><\/p>\n<p><i>30.05.2003<\/i>&nbsp;<i><b>British Professional Championship<\/b>&nbsp;v Blackpoolu<\/i>&nbsp;<i>v\u00fdsledky<\/i><b><\/b><\/p>\n<p><i>23.02.2003<\/i>&nbsp;<i><b>Irish Open Championship 2003<\/b>&nbsp;v Tralee<\/i>&nbsp;<i>v\u00fdsledky<\/i><b><\/b><\/p>\n<p><i>22.01.2003<\/i>&nbsp;<i><b>UK Open Championships 2003&nbsp;<\/b>v Bournemouthu<\/i>&nbsp;<i>v\u00fdsledky<\/i><b><\/b><\/p>\n<p><i>14.12.2002<\/i>&nbsp;<i><b>China&#8217;s Open Competition 2002<\/b>&nbsp;v Taizhou<\/i>&nbsp;<i>v\u00fdsledky<\/i><b><\/b><\/p>\n<p><i>07.12.2002<\/i>&nbsp;<i><b>Mistrovstv\u00ed \u010cesk\u00e9 republiky profesion\u00e1l\u016f 2002<\/b>&nbsp;v Trutnov\u011b<\/i>&nbsp;<i>v\u00fdsledky<\/i><b><\/b><\/p>\n<p><i>24.11.2002<\/i>&nbsp;<i><b>Mistrovstv\u00ed sv\u011bta profesion\u00e1l\u016f 2002<\/b>&nbsp;v Blackpoolu<\/i>&nbsp;<i>v\u00fdsledky<\/i><b><\/b><\/p>\n<p><i>10.11.2002<\/i>&nbsp;<i><b>Dutch Open Professional 2002<\/b>&nbsp;v Assenu<\/i>&nbsp;<i>v\u00fdsledky<\/i><\/p>\n<p><b><\/b>&nbsp;<i>07.11.2002<\/i>&nbsp;<i><b>Mistrovstv\u00ed Evropy profesion\u00e1l\u016f 2002&nbsp;<\/b>v Assenu<\/i>&nbsp;<i>v\u00fdsledky<\/i><b><\/b><\/p>\n<p><i>10.10.2002<\/i>&nbsp;<i><b>INTERNATIONAL Championships 2002&nbsp;<\/b>v Lond\u00fdn\u011b<\/i>&nbsp;<i>v\u00fdsledky<\/i><\/p>\n<p><i>06.09.2002<\/i>&nbsp;<i><b>US Open Professional 2002<\/b>&nbsp;v Miami<\/i>&nbsp;<i>v\u00fdsledky<\/i><b><\/b><\/p>\n<p><i>05.09.2002<\/i>&nbsp;<i><b>US Open Professional Rising Star 2002<\/b>&nbsp;v Miami<\/i>&nbsp;<i>v\u00fdsledky<\/i><b><\/b><\/p>\n<p><i>27.06.2002<\/i>&nbsp;<i><b>Italian Open Professional 2002&nbsp;<\/b>v Cervii<\/i>&nbsp;<i>v\u00fdsledky<\/i><b><\/b><\/p>\n<p><i>31.05.2002<\/i>&nbsp;<i><b>British Professional Championship<\/b>&nbsp;v Blackpoolu<\/i>&nbsp;<i>v\u00fdsledky<\/i><b><\/b><\/p>\n<p><i>03.03.2002<\/i>&nbsp;<i><b>Milano Open Championship 2002<\/b>&nbsp;v Milanu<\/i>&nbsp;<i>v\u00fdsledky<\/i><b><\/b><\/p>\n<p><i>23.01.2002<\/i>&nbsp;<i><b>UK Open Championships 2002<\/b>&nbsp;v Bournemouthu<\/i>&nbsp;<i>v\u00fdsledky<\/i><b><\/b><\/p>\n<p><i>01.12.2001<\/i>&nbsp;<i><b>Mistrovstv\u00ed \u010cesk\u00e9 republiky profesion\u00e1l\u016f 2001<\/b>&nbsp;v Hradci Kr\u00e1lov\u00e9<\/i>&nbsp;<i>v\u00fdsledky<\/i><b><\/b><\/p>\n<p><i>11.11.2001<\/i>&nbsp;<i><b>Dutch Open Professional 2001<\/b>&nbsp;v Assenu<\/i>&nbsp;<i>v\u00fdsledky<\/i><b><\/b><\/p>\n<p><i>27.10.2001<\/i>&nbsp;<i><b>Mistrovstv\u00ed sv\u011bta profesion\u00e1l\u016f 2001<\/b>&nbsp;v Salsomaggiore Terme<\/i>&nbsp;<i>v\u00fdsledky<\/i><b><\/b><\/p>\n<p><i>11.10.2001<\/i>&nbsp;<i><b>INTERNATIONAL Championships 2001&nbsp;<\/b>v Lond\u00fdn\u011b<\/i>&nbsp;<i>v\u00fdsledky<\/i><b><\/b><\/p>\n<p><i>07.09.2001<\/i>&nbsp;<i><b>US Open Professional 2001<\/b>&nbsp;v Miami<\/i>&nbsp;<i>v\u00fdsledky<\/i><b><\/b><\/p>\n<p><i>06.09.2001<\/i>&nbsp;<i><b>US Open Professional Rising Star 2001<\/b>&nbsp;v Miami<\/i>&nbsp;<i>v\u00fdsledky<\/i><b><\/b><\/p>\n<p><i>28.06.2001<\/i>&nbsp;<i><b>Italian Open Professional 2001&nbsp;<\/b>v Cervii<\/i>&nbsp;<i>v\u00fdsledky<\/i><b><\/b><\/p>\n<p><i>01.06.2001<\/i>&nbsp;<i><b>British Professional Championship<\/b>&nbsp;v Blackpoolu<\/i>&nbsp;<i>v\u00fdsledky<\/i><b><\/b><\/p>\n<p><i>28.05.2001<\/i>&nbsp;<i><b>British Professional Rising Stars Competition<\/b>&nbsp;v Blackpoolu<\/i>&nbsp;<i>v\u00fdsledky<\/i><b><\/b><\/p>\n<p><i>07.04.2001<\/i>&nbsp;<i><b>Mistrovstv\u00ed Evropy profesion\u00e1l\u016f 2001&nbsp;<\/b>v Moskv\u011b<\/i>&nbsp;<i>v\u00fdsledky<\/i><b><\/b><\/p>\n<p><i>24.01.2001<\/i>&nbsp;<i><b>UK Open Championships 2001&nbsp;<\/b>v Bournemouthu<\/i>&nbsp;<i>v\u00fdsledky<\/i><b><\/b><\/p>\n<p><i>23.01.2001<\/i>&nbsp;<i><b>UK Professional Rising Star 2001<\/b>&nbsp;v Bournemouthu<\/i>&nbsp;<i>v\u00fdsledky<\/i><b><\/b><\/p>\n<p><i>12.10.2000<\/i>&nbsp;<i><b>INTERNATIONAL Championships 2000&nbsp;<\/b>v Lond\u00fdn\u011b<\/i>&nbsp;<i>v\u00fdsledky<\/i><b><\/b><\/p>\n<p><i>11.10.2000<\/i>&nbsp;<i><b>INTERNATIONAL Professional Rising Star 2000<\/b>&nbsp;v Lond\u00fdn\u011b<\/i>&nbsp;<i>v\u00fdsledky<\/i><b><\/b><\/p>\n<p><i>07.10.2000<\/i>&nbsp;<i><b>Mistrovstv\u00ed sv\u011bta profesion\u00e1l\u016f 2000<\/b>&nbsp;v Grazu<\/i>&nbsp;<i>v\u00fdsledky<\/i><b><\/b><\/p>\n<p><i>08.09.2000<\/i>&nbsp;<i><b>US Open Professional 2000<\/b>&nbsp;v Miami<\/i>&nbsp;<i>v\u00fdsledky<\/i><b><\/b><\/p>\n<p><i>05.09.2000<\/i>&nbsp;<i><b>US Open Professional Rising Star 2000<\/b>&nbsp;v Miami<\/i>&nbsp;<i>v\u00fdsledky<\/i><b><\/b><\/p>\n<p><i>24.06.2000<\/i>&nbsp;<i><b>Mistrovstv\u00ed Evropy profesion\u00e1l\u016f 2000&nbsp;<\/b>v Cervii<\/i>&nbsp;<i>v\u00fdsl<\/i><a href=\"http:\/\/www.marcel-lenka.cz\/index.php\/onetone-front-page\/soutezni-vysledky\/ME20prST.html\"><i>edky<\/i><\/a><\/p>\n","protected":false},"excerpt":{"rendered":"<p>Na\u0161e profesion\u00e1ln\u00ed kari\u00e9ra Mist\u0159i \u010cesk\u00e9 republiky 2001, 2002, 2003, 2004, 2005 Finalist\u00e9 mistrovstv\u00ed Evropy 2004 (6.) Semifinalist\u00e9 mistrovstv\u00ed Evropy 2000 (9.) a 2001 (12.) \u010ctvrtfin\u00e1le: 2002 (13.), 2003 (13.) \u010ctvrtfinalist\u00e9 mistrovstv\u00ed sv\u011bta 1999, 2000, 2001, 2002 (14.), 2003 (13.-14.), 2004 (17.) \u010ctvrtfinalist\u00e9 otev\u0159en\u00e9ho mistrovstv\u00ed Velk\u00e9 Brit\u00e1nie 2002 \u010ctvrtfinalist\u00e9 otev\u0159en\u00e9ho mistrovstv\u00ed United Kingdom 2001, 2002, 2005 [&hellip;]<\/p>\n","protected":false},"author":1,"featured_media":0,"parent":13,"menu_order":0,"comment_status":"closed","ping_status":"closed","template":"","meta":[],"_links":{"self":[{"href":"https:\/\/www.marcel-lenka.cz\/index.php\/wp-json\/wp\/v2\/pages\/148"}],"collection":[{"href":"https:\/\/www.marcel-lenka.cz\/index.php\/wp-json\/wp\/v2\/pages"}],"about":[{"href":"https:\/\/www.marcel-lenka.cz\/index.php\/wp-json\/wp\/v2\/types\/page"}],"author":[{"embeddable":true,"href":"https:\/\/www.marcel-lenka.cz\/index.php\/wp-json\/wp\/v2\/users\/1"}],"replies":[{"embeddable":true,"href":"https:\/\/www.marcel-lenka.cz\/index.php\/wp-json\/wp\/v2\/comments?post=148"}],"version-history":[{"count":10,"href":"https:\/\/www.marcel-lenka.cz\/index.php\/wp-json\/wp\/v2\/pages\/148\/revisions"}],"predecessor-version":[{"id":313,"href":"https:\/\/www.marcel-lenka.cz\/index.php\/wp-json\/wp\/v2\/pages\/148\/revisions\/313"}],"up":[{"embeddable":true,"href":"https:\/\/www.marcel-lenka.cz\/index.php\/wp-json\/wp\/v2\/pages\/13"}],"wp:attachment":[{"href":"https:\/\/www.marcel-lenka.cz\/index.php\/wp-json\/wp\/v2\/media?parent=148"}],"curies":[{"name":"wp","href":"https:\/\/api.w.org\/{rel}","templated":true}]}}