{"id":195,"date":"2018-07-03T08:05:12","date_gmt":"2018-07-03T08:05:12","guid":{"rendered":"http:\/\/www.marcel-lenka.cz\/?page_id=195"},"modified":"2025-05-20T09:14:14","modified_gmt":"2025-05-20T09:14:14","slug":"tanecni-soustredeni","status":"publish","type":"page","link":"https:\/\/www.marcel-lenka.cz\/index.php\/tanecni-soustredeni\/","title":{"rendered":"Tane\u010dn\u00ed Soust\u0159ed\u011bn\u00ed 2025"},"content":{"rendered":"<h1><strong>Tane\u010dn\u00ed soust\u0159ed\u011bn\u00ed 2025 &#8211; Ko\u0161etice<\/strong><\/h1>\n<p><strong>\u00a0<\/strong><\/p>\n<p><strong>1. b\u011bh &#8211;\u00a0 B(C), tak\u00e9 Senio\u0159i B A 12.- 15. 7. 2025 \u00a0<\/strong><em>Tren\u00e9\u0159i: Marcel a Lenka Gebertovi\u00a0<a href=\"http:\/\/www.marcel-lenka.cz\/wp-content\/uploads\/2025\/05\/2025-VII-Kosetice-1.-a-2.-beh-podrobne-propozice-.pdf\">Propozice<\/a><\/em><\/p>\n<p><strong>2. b\u011bh &#8211; AM 19. &#8211; 22. 7. 2025 \u00a0<\/strong><em>Tren\u00e9\u0159i: Marcel a Lenka Gebertovi \u00a0<a href=\"http:\/\/www.marcel-lenka.cz\/wp-content\/uploads\/2025\/05\/2025-VII-Kosetice-1.-a-2.-beh-podrobne-propozice-.pdf\">Propozice<\/a><\/em><\/p>\n<p><strong>3. b\u011bh &#8211; BAM s tren\u00e9ry 24. \u00a0&#8211; 25. 7. <\/strong><strong>2024 \u00a0<\/strong><em>Tren\u00e9\u0159i: VAIDOTAS LACITIS, Marcel a Lenka <\/em><em>Gebertovi, <\/em><em>Miroslav Horn\u00edk, Ren\u00e1ta Mr\u00e1zov\u00e1, Michal Drha \u00a0a dal\u0161\u00ed <\/em><a href=\"http:\/\/2024-VII-Kosetice-3.-beh-BAM-s-trenery-podrobne-propozice.pdf\" data-wplink-url-error=\"true\"><img src=\"https:\/\/ssl.gstatic.com\/ui\/v1\/icons\/mail\/images\/cleardot.gif\" \/><\/a><a href=\"http:\/\/www.marcel-lenka.cz\/wp-content\/uploads\/2025\/05\/2025-VII-Kosetice-3.-beh-BAM-s-trenery-podrobne-propozice.pdf\"><em>Propozice<\/em><\/a><em>\u00a0<\/em><\/p>\n<p><strong>M\u00edsto Kon\u00e1n\u00ed:<\/strong> Ko\u0161etice (u Pelh\u0159imova) &#8211; are\u00e1l AGROPODNIK Ko\u0161etice a.s.<br \/><a role=\"button\" href=\"https:\/\/docs.google.com\/forms\/d\/e\/1FAIpQLSfNc1ZmvIzsnpPZwrWd60Lm1tf710BxtUeUqOjtDady0aZcmQ\/viewform\"><br \/><em>P\u0158IHL\u00c1\u0160KA<\/em><\/a><\/p>\n<p><a href=\"https:\/\/www.marcel-lenka.cz\/index.php\/tanecni-soustredeni\/soustredeni_mgsro_souhlas_zpracovani_udaju_2024\/\">GDPR soust\u0159ed\u011bn\u00ed 2025<\/a><\/p>\n\n\n<p><\/p>\n","protected":false},"excerpt":{"rendered":"<p>Tane\u010dn\u00ed soust\u0159ed\u011bn\u00ed 2025 &#8211; Ko\u0161etice \u00a0 1. b\u011bh &#8211;\u00a0 B(C), tak\u00e9 Senio\u0159i B A 12.- 15. 7. 2025 \u00a0Tren\u00e9\u0159i: Marcel a Lenka Gebertovi\u00a0Propozice 2. b\u011bh &#8211; AM 19. &#8211; 22. 7. 2025 \u00a0Tren\u00e9\u0159i: Marcel a Lenka Gebertovi \u00a0Propozice 3. b\u011bh &#8211; BAM s tren\u00e9ry 24. \u00a0&#8211; 25. 7. 2024 \u00a0Tren\u00e9\u0159i: VAIDOTAS LACITIS, Marcel a Lenka [&hellip;]<\/p>\n","protected":false},"author":1,"featured_media":0,"parent":0,"menu_order":0,"comment_status":"closed","ping_status":"closed","template":"","meta":[],"_links":{"self":[{"href":"https:\/\/www.marcel-lenka.cz\/index.php\/wp-json\/wp\/v2\/pages\/195"}],"collection":[{"href":"https:\/\/www.marcel-lenka.cz\/index.php\/wp-json\/wp\/v2\/pages"}],"about":[{"href":"https:\/\/www.marcel-lenka.cz\/index.php\/wp-json\/wp\/v2\/types\/page"}],"author":[{"embeddable":true,"href":"https:\/\/www.marcel-lenka.cz\/index.php\/wp-json\/wp\/v2\/users\/1"}],"replies":[{"embeddable":true,"href":"https:\/\/www.marcel-lenka.cz\/index.php\/wp-json\/wp\/v2\/comments?post=195"}],"version-history":[{"count":62,"href":"https:\/\/www.marcel-lenka.cz\/index.php\/wp-json\/wp\/v2\/pages\/195\/revisions"}],"predecessor-version":[{"id":371,"href":"https:\/\/www.marcel-lenka.cz\/index.php\/wp-json\/wp\/v2\/pages\/195\/revisions\/371"}],"wp:attachment":[{"href":"https:\/\/www.marcel-lenka.cz\/index.php\/wp-json\/wp\/v2\/media?parent=195"}],"curies":[{"name":"wp","href":"https:\/\/api.w.org\/{rel}","templated":true}]}}